{"id":52,"date":"2015-03-23T09:47:16","date_gmt":"2015-03-23T08:47:16","guid":{"rendered":"http:\/\/www.segunda-feira.de\/?page_id=52"},"modified":"2023-04-24T17:06:18","modified_gmt":"2023-04-24T15:06:18","slug":"impressum","status":"publish","type":"page","link":"http:\/\/www.segunda-feira.de\/?page_id=52","title":{"rendered":"Impressum"},"content":{"rendered":"<p><strong>Angaben gem\u00e4\u00df \u00a7 5 TMG:<\/strong><br \/>\nKarsten Montag<br \/>\nWeiherstr.\u00a06<br \/>\n52134 Herzogenrath<\/p>\n<p><strong>Kontakt:<\/strong><br \/>\nTelefon: +49 1577 3455218<br \/>\nE-Mail: info@karstenmontag.de<\/p>\n<p><strong>Haftungsausschluss:<\/strong><\/p>\n<p><strong>Haftung f\u00fcr Inhalte<\/strong><br \/>\nDie Inhalte unserer Seiten wurden mit gr\u00f6\u00dfter Sorgfalt erstellt. F\u00fcr die Richtigkeit, Vollst\u00e4ndigkeit und Aktualit\u00e4t der Inhalte k\u00f6nnen wir jedoch keine Gew\u00e4hr \u00fcbernehmen. Als Diensteanbieter sind wir gem\u00e4\u00df \u00a7 7 Abs.1 TMG f\u00fcr eigene Inhalte auf diesen Seiten nach den allgemeinen Gesetzen verantwortlich. Nach \u00a7\u00a7 8 bis 10 TMG sind wir als Diensteanbieter jedoch nicht verpflichtet, \u00fcbermittelte oder gespeicherte fremde Informationen zu \u00fcberwachen oder nach Umst\u00e4nden zu forschen, die auf eine rechtswidrige T\u00e4tigkeit hinweisen. Verpflichtungen zur Entfernung oder Sperrung der Nutzung von Informationen nach den allgemeinen Gesetzen bleiben hiervon unber\u00fchrt. Eine diesbez\u00fcgliche Haftung ist jedoch erst ab dem Zeitpunkt der Kenntnis einer konkreten Rechtsverletzung m\u00f6glich. Bei Bekanntwerden von entsprechenden Rechtsverletzungen werden wir diese Inhalte umgehend entfernen.<\/p>\n<p><strong>Haftung f\u00fcr Links<\/strong><br \/>\nUnser Angebot enth\u00e4lt Links zu externen Webseiten Dritter, auf deren Inhalte wir keinen Einfluss haben. Deshalb k\u00f6nnen wir f\u00fcr diese fremden Inhalte auch keine Gew\u00e4hr \u00fcbernehmen. F\u00fcr die Inhalte der verlinkten Seiten ist stets der jeweilige Anbieter oder Betreiber der Seiten verantwortlich. Die verlinkten Seiten wurden zum Zeitpunkt der Verlinkung auf m\u00f6gliche Rechtsverst\u00f6\u00dfe \u00fcberpr\u00fcft. Rechtswidrige Inhalte waren zum Zeitpunkt der Verlinkung nicht erkennbar. Eine permanente inhaltliche Kontrolle der verlinkten Seiten ist jedoch ohne konkrete Anhaltspunkte einer Rechtsverletzung nicht zumutbar. Bei Bekanntwerden von Rechtsverletzungen werden wir derartige Links umgehend entfernen.<\/p>\n<p><strong>Urheberrecht<\/strong><br \/>\nDie durch die Seitenbetreiber erstellten Inhalte und Werke auf diesen Seiten unterliegen dem deutschen Urheberrecht. Die Vervielf\u00e4ltigung, Bearbeitung, Verbreitung und jede Art der Verwertung au\u00dferhalb der Grenzen des Urheberrechtes bed\u00fcrfen der schriftlichen Zustimmung des jeweiligen Autors bzw. Erstellers. Downloads und Kopien dieser Seite sind nur f\u00fcr den privaten, nicht kommerziellen Gebrauch gestattet. Soweit die Inhalte auf dieser Seite nicht vom Betreiber erstellt wurden, werden die Urheberrechte Dritter beachtet. Insbesondere werden Inhalte Dritter als solche gekennzeichnet. Sollten Sie trotzdem auf eine Urheberrechtsverletzung aufmerksam werden, bitten wir um einen entsprechenden Hinweis. Bei Bekanntwerden von Rechtsverletzungen werden wir derartige Inhalte umgehend entfernen.<\/p>\n<p><strong>Datenschutz<\/strong><br \/>\nDie Nutzung unserer Webseite ist in der Regel ohne Angabe personenbezogener Daten m\u00f6glich. Soweit auf unseren Seiten personenbezogene Daten (beispielsweise Name, Anschrift oder eMail-Adressen) erhoben werden, erfolgt dies, soweit m\u00f6glich, stets auf freiwilliger Basis. Diese Daten werden ohne Ihre ausdr\u00fcckliche Zustimmung nicht an Dritte weitergegeben.<\/p>\n<p>Wir weisen darauf hin, dass die Daten\u00fcbertragung im Internet (z.B. bei der Kommunikation per E-Mail) Sicherheitsl\u00fccken aufweisen kann. Ein l\u00fcckenloser Schutz der Daten vor dem Zugriff durch Dritte ist nicht m\u00f6glich.<\/p>\n<p>Der Nutzung von im Rahmen der Impressumspflicht ver\u00f6ffentlichten Kontaktdaten durch Dritte zur \u00dcbersendung von nicht ausdr\u00fccklich angeforderter Werbung und Informationsmaterialien wird hiermit ausdr\u00fccklich widersprochen. Die Betreiber der Seiten behalten sich ausdr\u00fccklich rechtliche Schritte im Falle der unverlangten Zusendung von Werbeinformationen, etwa durch Spam-Mails, vor.<\/p>\n<p><strong>Datenschutzerkl\u00e4rung f\u00fcr die Nutzung von Facebook-Plugins (Like-Button)<\/strong><br \/>\nAuf unseren Seiten sind Plugins des sozialen Netzwerks Facebook, 1601 South California Avenue, Palo Alto, CA 94304, USA integriert. Die Facebook-Plugins erkennen Sie an dem Facebook-Logo oder dem &#8222;Like-Button&#8220; (&#8222;Gef\u00e4llt mir&#8220;) auf unserer Seite. Eine \u00dcbersicht \u00fcber die Facebook-Plugins finden Sie hier: <a href=\"http:\/\/developers.facebook.com\/docs\/plugins\/\" target=\"_blank\" rel=\"noopener\">http:\/\/developers.facebook.com\/docs\/plugins\/<\/a>.<\/p>\n<p>Wenn Sie unsere Seiten besuchen, wird \u00fcber das Plugin eine direkte Verbindung zwischen Ihrem Browser und dem Facebook-Server hergestellt. Facebook erh\u00e4lt dadurch die Information, dass Sie mit Ihrer IP-Adresse unsere Seite besucht haben. Wenn Sie den Facebook &#8222;Like-Button&#8220; anklicken, w\u00e4hrend Sie in Ihrem Facebook-Account eingeloggt sind, k\u00f6nnen Sie die Inhalte unserer Seiten auf Ihrem Facebook-Profil verlinken. Dadurch kann Facebook den Besuch unserer Seiten Ihrem Benutzerkonto zuordnen. Wir weisen darauf hin, dass wir als Anbieter der Seiten keine Kenntnis vom Inhalt der \u00fcbermittelten Daten sowie deren Nutzung durch Facebook erhalten. Weitere Informationen hierzu finden Sie in der Datenschutzerkl\u00e4rung von facebook unter <a href=\"http:\/\/de-de.facebook.com\/policy.php\" target=\"_blank\" rel=\"noopener\">http:\/\/de-de.facebook.com\/policy.php<\/a>.<\/p>\n<p>Wenn Sie nicht w\u00fcnschen, dass Facebook den Besuch unserer Seiten Ihrem Facebook-Nutzerkonto zuordnen kann, loggen Sie sich bitte aus Ihrem Facebook-Benutzerkonto aus.<\/p>\n<p><strong>Nutzungsbedingungen f\u00fcr das Forum und das Kommentieren von Artikeln<\/strong><br \/>\n\u00a7 1 Geltungsbereich<br \/>\nF\u00fcr die Nutzung dieser Website gelten im Verh\u00e4ltnis zwischen dem Nutzer und dem Betreiber der Seite (im Folgenden: Anbieter) die folgenden Nutzungsbedingungen. Die Nutzung des Forums und der Communityfunktionen ist nur zul\u00e4ssig, wenn der Nutzer diese Nutzungsbedingungen akzeptiert.<\/p>\n<p>\u00a7 2 Registrierung, Teilnahme, Mitgliedschaft in der Community<br \/>\n(1) Voraussetzung f\u00fcr die Nutzung des Forums und der Community ist eine vorherige Registrierung. Mit der erfolgreichen Registrierung wird der Nutzer Mitglied der Community.<br \/>\n(2) Es besteht kein Anspruch auf eine Mitgliedschaft.<br \/>\n(3) Der Nutzer darf seinen Zugang nicht Dritten zur Nutzung \u00fcberlassen. Der Nutzer ist verpflichtet, seine Zugangsdaten geheim zu halten und vor dem Zugriff Dritter zu sch\u00fctzen.<\/p>\n<p>\u00a7 3 Leistungen des Anbieters<br \/>\n(1) Der Anbieter gestattet dem Nutzer, im Rahmen dieser Nutzungsbedingungen Beitr\u00e4ge auf seiner Webseite zu ver\u00f6ffentlichen. Der Anbieter stellt den Nutzern dazu im Rahmen seiner technischen und wirtschaftlichen M\u00f6glichkeiten unentgeltlich ein Diskussionsforum mit Communityfunktionen zur Verf\u00fcgung. Der Anbieter ist bem\u00fcht, seinen Dienst verf\u00fcgbar zu halten. Der Anbieter \u00fcbernimmt keine dar\u00fcber hinausgehenden Leistungspflichten. Insbesondere besteht kein Anspruch des Nutzers auf eine st\u00e4ndige Verf\u00fcgbarkeit des Dienstes.<br \/>\n(2) Der Anbieter \u00fcbernimmt keine Gew\u00e4hr f\u00fcr die Richtigkeit, Vollst\u00e4ndigkeit, Verl\u00e4sslichkeit, Aktualit\u00e4t und Brauchbarkeit der bereit gestellten Inhalte.<\/p>\n<p>\u00a7 4 Haftungsausschluss<br \/>\n(1) Schadensersatzanspr\u00fcche des Nutzers sind ausgeschlossen, soweit nachfolgend nichts anderes bestimmt ist. Der vorstehende Haftungsausschluss gilt auch zugunsten der gesetzlichen Vertreter und Erf\u00fcllungsgehilfen des Anbieters, sofern der Nutzer Anspr\u00fcche gegen diese geltend macht.<br \/>\n(2) Von dem in Absatz 1 bestimmten Haftungsausschluss ausgenommen sind Schadensersatzanspr\u00fcche aufgrund einer Verletzung des Lebens, des K\u00f6rpers, der Gesundheit und Schadensersatzanspr\u00fcche aus der Verletzung wesentlicher Vertragspflichten. Wesentliche Vertragspflichten sind solche, deren Erf\u00fcllung zur Erreichung des Ziels des Vertrags notwendig ist. Von dem Haftungsausschluss ebenfalls ausgenommen ist die Haftung f\u00fcr Sch\u00e4den, die auf einer vors\u00e4tzlichen oder grob fahrl\u00e4ssigen Pflichtverletzung des Anbieters, seiner gesetzlichen Vertreter oder Erf\u00fcllungsgehilfen beruhen.<\/p>\n<p>\u00a7 5 Pflichten des Nutzers<br \/>\n(1) Der Nutzer verpflichtet sich gegen\u00fcber dem Anbieter, keine Beitr\u00e4ge zu ver\u00f6ffentlichen, die gegen die guten Sitten oder geltendes Recht versto\u00dfen. Der Nutzer verpflichtet sich insbesondere dazu, keine Beitr\u00e4ge zu ver\u00f6ffentlichen,<\/p>\n<ul>\n<li>deren Ver\u00f6ffentlichung einen Straftatbestand erf\u00fcllt oder eine Ordnungswidrigkeit darstellt,<\/li>\n<li>die gegen das Urheberrecht, Markenrecht oder Wettbewerbsrecht versto\u00dfen,<\/li>\n<li>die gegen das Rechtsdienstleistungsgesetz versto\u00dfen,<\/li>\n<li>die beleidigenden, rassistischen, diskriminierenden oder pornographischen Inhalt haben,<\/li>\n<li>die Werbung enthalten.<\/li>\n<\/ul>\n<p>(2) Bei einem Versto\u00df gegen die Verpflichtung aus Absatz 1 ist der Anbieter berechtigt, die entsprechenden Beitr\u00e4ge abzu\u00e4ndern oder zu l\u00f6schen und den Zugang des Nutzers zu sperren. Der Nutzer ist verpflichtet, dem Anbieter den durch die Pflichtverletzung entstandenen Schaden zu ersetzen.<br \/>\n(3) Der Anbieter hat das Recht, Beitr\u00e4ge und Inhalte zu l\u00f6schen, wenn diese einen Rechtsversto\u00df enthalten k\u00f6nnten.<br \/>\n(4) Der Anbieter hat gegen den Nutzer einen Anspruch auf Freistellung von Anspr\u00fcchen Dritter, die diese wegen der Verletzung eines Rechts durch den Nutzer geltend machen. Der Nutzer verpflichtet sich, den Anbieter bei der Abwehr derartiger Anspr\u00fcche zu unterst\u00fctzen. Der Nutzer ist au\u00dferdem verpflichtet, die Kosten einer angemessenen Rechtsverteidigung des Anbieters zu tragen.<\/p>\n<p>\u00a7 6 \u00dcbertragung von Nutzungsrechten<br \/>\n(1) Das Urheberrecht f\u00fcr die eingestellten Beitr\u00e4ge verbleibt beim jeweiligen Nutzer. Der Nutzer r\u00e4umt dem Anbieter mit dem Einstellen seines Beitrags in das Forum jedoch das Recht ein, den Beitrag dauerhaft auf seiner Webseite zum Abruf bereitzuhalten und \u00f6ffentlich zug\u00e4nglich zu machen. Der Anbieter hat das Recht, Beitr\u00e4ge innerhalb seiner Webseite zu verschieben und mit anderen Inhalten zu verbinden.<br \/>\n(2) Der Nutzer hat gegen den Anbieter keinen Anspruch auf L\u00f6schung oder Berichtigung von ihm erstellter Beitr\u00e4ge.<\/p>\n<p>\u00a7 7 Beendigung der Mitgliedschaft<br \/>\n(1) Der Nutzer kann seine Mitgliedschaft durch eine entsprechende Erkl\u00e4rung gegen\u00fcber dem Anbieter ohne Einhaltung einer Frist beenden. Auf Verlangen wird der Anbieter daraufhin den Zugang des Nutzers sperren.<br \/>\n(2) Der Anbieter ist berechtigt, die Mitgliedschaft eines Nutzers unter Einhaltung einer Frist von 2 Wochen zum Monatsende zu k\u00fcndigen.<br \/>\n(3) Bei Vorliegen eines wichtigen Grundes ist der Anbieter berechtigt, den Zugang des Nutzers sofort zu sperren und die Mitgliedschaft ohne Einhaltung einer Frist zu k\u00fcndigen.<br \/>\n(4) Der Anbieter ist nach Beendigung der Mitglieschaft berechtigt, den Zugang des Nutzers zu sperren. Der Anbieter ist berechtigt aber nicht verpflichtet, im Falle der Beendigung der Mitgliedschaft die vom Nutzer erstellten Inhalte zu l\u00f6schen. Ein Anspruch des Nutzers auf \u00dcberlassung der erstellten Inhalte wird ausgeschlossen.<\/p>\n<p>\u00a7 8 \u00c4nderung oder Einstellung des Angebots<br \/>\n(1) Der Anbieter ist berechtigt, \u00c4nderungen an seinem Dienst vorzunehmen.<br \/>\n(2) Der Anbieter ist berechtigt, seinen Dienst unter Einhaltung einer Ank\u00fcndigungsfrist von 2 Wochen zu beenden. Im Falle der Beendigung seines Dienstes ist der Anbieter berechtigt aber nicht verpflichtet, die von den Nutzern erstellten Inhalte zu l\u00f6schen.<\/p>\n<p>\u00a7 9 Rechtswahl<br \/>\nAuf die vertraglichen Beziehungen zwischen dem Anbieter und dem Nutzer findet das Recht der Bundesrepublik Deutschland Anwendung. Von dieser Rechtswahl ausgenommen sind die zwingenden Verbraucherschutzvorschriften des Landes, in dem der Nutzer seinen gew\u00f6hnlichen Aufenthalt hat.<\/p>\n<p>Quellenangaben: <a href=\"http:\/\/www.e-recht24.de\/muster-disclaimer.htm\" target=\"_blank\" rel=\"noopener\">eRecht24 Disclaimer<\/a>, <a href=\"http:\/\/www.e-recht24.de\/artikel\/datenschutz\/6590-facebook-like-button-datenschutz-disclaimer.html\" target=\"_blank\" rel=\"noopener\">eRecht24 Facebook Datenschutzerkl\u00e4rung<\/a>, <a href=\"http:\/\/www.kluge-recht.de\/muster-nutzungsbedingungen-forum.php\" target=\"_blank\" rel=\"noopener\">Nutzungsbedingungen Internet-Forum<\/a>, <a href=\"http:\/\/www.kluge-seminare.de\/arbeitsrecht-forum\/\" target=\"_blank\" rel=\"noopener\">Arbeitsrecht Forum<\/a><\/p>\n","protected":false},"excerpt":{"rendered":"<p>Angaben gem\u00e4\u00df \u00a7 5 TMG: Karsten Montag Weiherstr.\u00a06 52134 Herzogenrath Kontakt: Telefon: +49 1577 3455218 E-Mail: info@karstenmontag.de Haftungsausschluss: Haftung f\u00fcr Inhalte Die Inhalte unserer Seiten wurden mit gr\u00f6\u00dfter Sorgfalt erstellt. F\u00fcr die Richtigkeit, Vollst\u00e4ndigkeit und Aktualit\u00e4t der Inhalte k\u00f6nnen wir &hellip; <a href=\"http:\/\/www.segunda-feira.de\/?page_id=52\">Weiterlesen <span class=\"meta-nav\">&rarr;<\/span><\/a><\/p>\n","protected":false},"author":1,"featured_media":0,"parent":0,"menu_order":0,"comment_status":"open","ping_status":"open","template":"sidebar-page.php","meta":{"jetpack_post_was_ever_published":false,"footnotes":""},"class_list":["post-52","page","type-page","status-publish","hentry"],"jetpack_sharing_enabled":false,"jetpack_shortlink":"https:\/\/wp.me\/P64WYd-Q","jetpack_likes_enabled":true,"_links":{"self":[{"href":"http:\/\/www.segunda-feira.de\/index.php?rest_route=\/wp\/v2\/pages\/52","targetHints":{"allow":["GET"]}}],"collection":[{"href":"http:\/\/www.segunda-feira.de\/index.php?rest_route=\/wp\/v2\/pages"}],"about":[{"href":"http:\/\/www.segunda-feira.de\/index.php?rest_route=\/wp\/v2\/types\/page"}],"author":[{"embeddable":true,"href":"http:\/\/www.segunda-feira.de\/index.php?rest_route=\/wp\/v2\/users\/1"}],"replies":[{"embeddable":true,"href":"http:\/\/www.segunda-feira.de\/index.php?rest_route=%2Fwp%2Fv2%2Fcomments&post=52"}],"version-history":[{"count":3,"href":"http:\/\/www.segunda-feira.de\/index.php?rest_route=\/wp\/v2\/pages\/52\/revisions"}],"predecessor-version":[{"id":2447,"href":"http:\/\/www.segunda-feira.de\/index.php?rest_route=\/wp\/v2\/pages\/52\/revisions\/2447"}],"wp:attachment":[{"href":"http:\/\/www.segunda-feira.de\/index.php?rest_route=%2Fwp%2Fv2%2Fmedia&parent=52"}],"curies":[{"name":"wp","href":"https:\/\/api.w.org\/{rel}","templated":true}]}}