{"id":786,"date":"2015-08-02T14:49:42","date_gmt":"2015-08-02T12:49:42","guid":{"rendered":"http:\/\/www.segunda-feira.de\/?page_id=786"},"modified":"2017-07-22T23:54:18","modified_gmt":"2017-07-22T21:54:18","slug":"gentechnologie","status":"publish","type":"page","link":"http:\/\/www.segunda-feira.de\/?page_id=786","title":{"rendered":"Stand der Genforschung zum Alterungsprozess"},"content":{"rendered":"<p>Der Tod ereilt uns alle. Das ist so sicher wie das Amen in der Kirche. Aber warum werden wir alt und sterben? Die Frage klingt blasphemisch, ist aber durchaus berechtigt. Schlie\u00dflich gibt es Lebewesen auf der Erde, die deutlich \u00e4lter werden als wir Menschen. Tats\u00e4chlich gibt es Tiere wie den Hummer, denen man sogar Unsterblichkeit nachsagt. Hier ein Link zu den zehn langlebigsten Tieren der Welt: <a href=\"http:\/\/www.zehn.de\/die-10-langlebigsten-tiere-der-welt-6780609-0\" target=\"_blank\" rel=\"noopener\">http:\/\/www.zehn.de\/die-10-langlebigsten-tiere-der-welt-6780609-0<\/a>.<\/p>\n<p>Man k\u00f6nnte jetzt meinen, dass das K\u00f6rpergewebe irgendwann alt und verbraucht ist. Das ist jedoch zu kurz gedacht. T\u00e4glich sterben Millionen von Zellen in unseren K\u00f6rpern, werden aber wieder durch neue ersetzt. Nicht das Alter unserer Zellen begrenzt unsere Lebenszeit, sondern deren F\u00e4higkeit sich zu teilen. Diese Begrenzung nennt man <a href=\"https:\/\/de.wikipedia.org\/wiki\/Hayflick-Grenze\" target=\"_blank\" rel=\"noopener\">Hayflick-Grenze<\/a>. Ausschlaggebend f\u00fcr die Anzahl der Zellteilungen sind die <a href=\"https:\/\/de.wikipedia.org\/wiki\/Telomer\" target=\"_blank\" rel=\"noopener\">Telomere<\/a>, eine f\u00fcr die Zellteilung ben\u00f6tigte Molek\u00fclkette an den Enden der Chromosomen, sowie das Enzym <a href=\"https:\/\/de.wikipedia.org\/wiki\/Telomerase\" target=\"_blank\" rel=\"noopener\">Telomerase<\/a>, das in bestimmten Zellen und zu einem bestimmten Zellalter die Telomere nach einer Teilung wieder verl\u00e4ngern kann.<\/p>\n<p>Um ein Bild von diesem Vorgang zu bekommen, zun\u00e4chst eine kurze Auffrischung \u00fcber den Aufbau und die Teilung von Zellen in Form von kurzen Lehrfilmen:<\/p>\n<ul>\n<li>Aufbau von Zellen: <a href=\"https:\/\/www.youtube.com\/watch?v=tP2c7MA31nk\" target=\"_blank\" rel=\"noopener\">https:\/\/www.youtube.com\/watch?v=tP2c7MA31nk<\/a><\/li>\n<li>Beschreibung der Zellteilung: <a href=\"https:\/\/www.youtube.com\/watch?v=cVxYUTPxAt8\" target=\"_blank\" rel=\"noopener\">https:\/\/www.youtube.com\/watch?v=cVxYUTPxAt8<\/a><\/li>\n<li>Erkl\u00e4rung der Chromosomen: <a href=\"https:\/\/www.youtube.com\/watch?v=8EOupqgM5Mw\" target=\"_blank\" rel=\"noopener\">https:\/\/www.youtube.com\/watch?v=8EOupqgM5Mw<\/a><\/li>\n<li>Erkl\u00e4rung der Telomere: <a href=\"https:\/\/www.youtube.com\/watch?v=n81yLqEhWE8\" target=\"_blank\" rel=\"noopener\">https:\/\/www.youtube.com\/watch?v=n81yLqEhWE8<\/a><\/li>\n<\/ul>\n<p>F\u00fcr die Entdeckung, wie Chromosomen durch Telomere und das Enzym Telomerase gesch\u00fctzt werden, haben die Forscher Elizabeth Blackburn, Carol Greider und Jack Szostak 2009 den Nobelpreis f\u00fcr Physiologie oder Medizin erhalten. Die Entdeckung ist ein gro\u00dfer Schritt in der Forschung \u00fcber den Prozess der Alterung und altersbedingte Krankheiten wie Krebs, Alzheimer und Parkinson. In deren Kielwasser schwimmen dann Wissenschaftler, die bereits das Ende der Sterblichkeit heraufbeschw\u00f6ren. Leider sind die folgenden Videos nur noch in Englisch.<\/p>\n<ul>\n<li>Bill Andrews: <a href=\"https:\/\/www.youtube.com\/watch?v=KE-og-W-7ps\" target=\"_blank\" rel=\"noopener\">https:\/\/www.youtube.com\/watch?v=KE-og-W-7ps<\/a><\/li>\n<li>David Sinclair: <a href=\"https:\/\/www.youtube.com\/watch?v=X-N9-0nC9I4\" target=\"_blank\" rel=\"noopener\">https:\/\/www.youtube.com\/watch?v=X-N9-0nC9I4<\/a><\/li>\n<li>Aubrey de Grey: <a href=\"https:\/\/www.youtube.com\/watch?v=qMAwnA5WvLc\" target=\"_blank\" rel=\"noopener\">https:\/\/www.youtube.com\/watch?v=qMAwnA5WvLc<\/a><\/li>\n<\/ul>\n<p>Ich kann den Enthusiasmus dieser Forscher verstehen. Auch ich halte den Tod f\u00fcr einen asozialen Anachronismus. Doch ihre Vortr\u00e4ge bestehen haupts\u00e4chlich aus Heilsversprechungen und enthalten nur wenig inhaltliche Information. Als Beweis f\u00fcr ihre Vorschritte werden h\u00e4ufig M\u00e4use gleichen Alters gezeigt, von denen eine jung und dynamisch und die andere alt und grau aussieht. Qu\u00e4lt man sich durch die Vortr\u00e4ge der urspr\u00fcnglichen Entdecker und Nobelpreistr\u00e4ger, dann erkennt man, dass man dem Prozess der Alterung zwar auf der Spur, jedoch noch weit davon entfernt ist, das Altern von Menschen konkret aufzuhalten geschweige denn umzukehren.<\/p>\n<p>Vortr\u00e4ge \u00fcber Telomere und Telomerase der drei Tr\u00e4ger des Nobelpreises f\u00fcr Physiologie oder Medizin f\u00fcr 2009:<\/p>\n<ul>\n<li>ElizabethBlackburn:\n<ul>\n<li><a href=\"https:\/\/www.youtube.com\/watch?v=5PU_jZwt8KY\" target=\"_blank\" rel=\"noopener\">https:\/\/www.youtube.com\/watch?v=5PU_jZwt8KY<\/a><\/li>\n<li><a href=\"https:\/\/www.youtube.com\/watch?v=zqMoDdHWFBA\" target=\"_blank\" rel=\"noopener\">https:\/\/www.youtube.com\/watch?v=zqMoDdHWFBA<\/a><\/li>\n<li><a href=\"https:\/\/www.youtube.com\/watch?v=-lNR1xZS5GY\" target=\"_blank\" rel=\"noopener\">https:\/\/www.youtube.com\/watch?v=-lNR1xZS5GY<\/a><\/li>\n<li><a href=\"https:\/\/www.youtube.com\/watch?v=8_bNfQd7Smc\" target=\"_blank\" rel=\"noopener\">https:\/\/www.youtube.com\/watch?v=8_bNfQd7Smc<\/a><\/li>\n<\/ul>\n<\/li>\n<li>Carol Greider: <a href=\"https:\/\/www.youtube.com\/watch?v=t7jTzD_Tsfw\" target=\"_blank\" rel=\"noopener\">https:\/\/www.youtube.com\/watch?v=t7jTzD_Tsfw<\/a><\/li>\n<li>Jack Szostak: <a href=\"https:\/\/www.youtube.com\/watch?v=S_4T_HD25jg\" target=\"_blank\" rel=\"noopener\">https:\/\/www.youtube.com\/watch?v=S_4T_HD25jg<\/a><\/li>\n<\/ul>\n<p>W\u00e4hrend die beiden Damen weiterhin in der Forschung \u00fcber Telomere und Telomerase t\u00e4tig sind, hat sich Jack Szostak von dem Thema abgewendet, weil er keine Lust hat, M\u00e4use aufzuschlitzen. Stattdessen forscht er jetzt nach dem Ursprung von Leben. Irgendwie sympathisch.<\/p>\n<p>In den Vortr\u00e4gen taucht immer wieder der Begriff \u201eSirtuine\u201c auf. Mit <a href=\"https:\/\/de.wikipedia.org\/wiki\/Sirtuine\" target=\"_blank\" rel=\"noopener\">Sirtuine<\/a> beschreibt man eine Familie von Enzymen, die in allen Lebewesen vorkommen. Menschen verf\u00fcgen \u00fcber sieben unterschiedliche Sirtuine (Sirt1-7), die offenbar zu einem uralten \u00dcberlebensprogramm geh\u00f6ren. So stellt man eine erh\u00f6hte Sirtuin-Aktivit\u00e4t fest, wenn der K\u00f6rper dauerhaft einer strengen Di\u00e4t unterzogen wird. Die Lebensspanne von M\u00e4usen kann allein durch eine lebenslange Reduzierung von Kalorien um 50 % verl\u00e4ngert werden.<\/p>\n<p>Letztendlich kommt die Forschung zu Erkenntnissen, die bereits eine gef\u00fchlte Ewigkeit bekannt sind. Die Lebensspanne l\u00e4sst sich verl\u00e4ngern, wenn man folgende Hinweise beachtet:<\/p>\n<ul>\n<li>Gifte aus dem K\u00f6rper lassen<\/li>\n<li>\u00dcbergewicht vermeiden<\/li>\n<li>Kalorienreduktion<\/li>\n<li>Senkung von k\u00f6rperlichem und mentalem Stress<\/li>\n<\/ul>\n<p>Allerdings ist das Ziel der Forschung, Telomerase- und Sirtuin-Aktivit\u00e4t k\u00fcnstlich zu stimulieren, um Alterungsprozesse ohne eine \u00c4nderung des individuellen Lebenswandels hinauszuz\u00f6gern. Das klingt irgendwie nach einer verbotenen Abk\u00fcrzung, die nur mit massiven Nebenwirkungen erkauft werden kann.<\/p>\n<p>Trotz der berechtigten Zweifel glaube ich \u00e4hnlich wie die enthusiastischen Wissenschaftler, dass eine k\u00fcnstliche Beeinflussung des Alterungsprozesses m\u00f6glich ist, sobald der Alterungsprozess in Organismen vollst\u00e4ndig verstanden ist. Bis wir entsprechende Mittel, die einen nachgewiesenen Effekt erzeugen, in der Apotheke kaufen k\u00f6nnen, werden vermutlich noch einige Jahrzehnte vergehen. Ich vermute eher, dass es schon bald sehr teure Mittel zu kaufen gibt, die eine Wirkungsweise \u00e4hnlich der zig Haarwuchsmittel besitzen: n\u00e4mlich gleich Null.<\/p>\n","protected":false},"excerpt":{"rendered":"<p>Der Tod ereilt uns alle. Das ist so sicher wie das Amen in der Kirche. Aber warum werden wir alt und sterben? Die Frage klingt blasphemisch, ist aber durchaus berechtigt. Schlie\u00dflich gibt es Lebewesen auf der Erde, die deutlich \u00e4lter &hellip; <a href=\"http:\/\/www.segunda-feira.de\/?page_id=786\">Weiterlesen <span class=\"meta-nav\">&rarr;<\/span><\/a><\/p>\n","protected":false},"author":1,"featured_media":0,"parent":634,"menu_order":0,"comment_status":"open","ping_status":"open","template":"sidebar-page.php","meta":{"jetpack_post_was_ever_published":false,"footnotes":""},"class_list":["post-786","page","type-page","status-publish","hentry"],"jetpack_sharing_enabled":true,"jetpack_shortlink":"https:\/\/wp.me\/P64WYd-cG","jetpack_likes_enabled":true,"_links":{"self":[{"href":"http:\/\/www.segunda-feira.de\/index.php?rest_route=\/wp\/v2\/pages\/786","targetHints":{"allow":["GET"]}}],"collection":[{"href":"http:\/\/www.segunda-feira.de\/index.php?rest_route=\/wp\/v2\/pages"}],"about":[{"href":"http:\/\/www.segunda-feira.de\/index.php?rest_route=\/wp\/v2\/types\/page"}],"author":[{"embeddable":true,"href":"http:\/\/www.segunda-feira.de\/index.php?rest_route=\/wp\/v2\/users\/1"}],"replies":[{"embeddable":true,"href":"http:\/\/www.segunda-feira.de\/index.php?rest_route=%2Fwp%2Fv2%2Fcomments&post=786"}],"version-history":[{"count":6,"href":"http:\/\/www.segunda-feira.de\/index.php?rest_route=\/wp\/v2\/pages\/786\/revisions"}],"predecessor-version":[{"id":2195,"href":"http:\/\/www.segunda-feira.de\/index.php?rest_route=\/wp\/v2\/pages\/786\/revisions\/2195"}],"up":[{"embeddable":true,"href":"http:\/\/www.segunda-feira.de\/index.php?rest_route=\/wp\/v2\/pages\/634"}],"wp:attachment":[{"href":"http:\/\/www.segunda-feira.de\/index.php?rest_route=%2Fwp%2Fv2%2Fmedia&parent=786"}],"curies":[{"name":"wp","href":"https:\/\/api.w.org\/{rel}","templated":true}]}}